{"id":140,"date":"2023-03-06T18:23:02","date_gmt":"2023-03-06T17:23:02","guid":{"rendered":"https:\/\/diagneuro.pl\/?page_id=140"},"modified":"2024-02-06T09:12:03","modified_gmt":"2024-02-06T08:12:03","slug":"media","status":"publish","type":"page","link":"https:\/\/diagneuro.pl\/?page_id=140","title":{"rendered":"Media and Publications"},"content":{"rendered":"\n<div class=\"wp-block-cover aligncenter is-light\" style=\"min-height:210px;aspect-ratio:unset;\"><span aria-hidden=\"true\" class=\"wp-block-cover__background has-background-dim\"><\/span><img loading=\"lazy\" decoding=\"async\" width=\"1920\" height=\"1280\" class=\"wp-block-cover__image-background wp-image-172\" alt=\"\" src=\"https:\/\/diagneuro.pl\/wp-content\/uploads\/2023\/03\/audience-ga187f96e0_1920-1.jpg\" data-object-fit=\"cover\" srcset=\"https:\/\/diagneuro.pl\/wp-content\/uploads\/2023\/03\/audience-ga187f96e0_1920-1.jpg 1920w, https:\/\/diagneuro.pl\/wp-content\/uploads\/2023\/03\/audience-ga187f96e0_1920-1-300x200.jpg 300w, https:\/\/diagneuro.pl\/wp-content\/uploads\/2023\/03\/audience-ga187f96e0_1920-1-1024x683.jpg 1024w, https:\/\/diagneuro.pl\/wp-content\/uploads\/2023\/03\/audience-ga187f96e0_1920-1-768x512.jpg 768w, https:\/\/diagneuro.pl\/wp-content\/uploads\/2023\/03\/audience-ga187f96e0_1920-1-1536x1024.jpg 1536w\" sizes=\"auto, (max-width: 1920px) 100vw, 1920px\" \/><div class=\"wp-block-cover__inner-container is-layout-flow wp-block-cover-is-layout-flow\">\n<p class=\"has-text-align-center has-large-font-size\"><mark style=\"background-color:rgba(0, 0, 0, 0)\" class=\"has-inline-color has-white-color\">Media and Publications<\/mark><\/p>\n<\/div><\/div>\n\n\n\n<p>Publikacje<\/p>\n\n\n\n<ul class=\"wp-block-list\">\n<li>Short- term prediction of disease symptoms severity of Parkinson&#8217;s disease, 15th International Conference on Advances in Quantitative Laryngology, Daria Hemmerling, Magdalena W\u00f3jcik-P\u0119dziwiatr, Marek Wodzi\u0144ski, Mateusz Danio\u0142, Pawe\u0142 Jemio\u0142o, Voice and Speech Research 2023, Mayo Clinic, School of Continues Professional Development, Phoenix, USA, 2023.03.30 [<a href=\"https:\/\/ce.mayo.edu\/otorhinolaryngology\/content\/15th-international-conference-advances-quantitative-laryngology-voice-and-speech-research\">link<\/a>]<\/li>\n\n\n\n<li>Vision transformer for Parkinson\u2019s disease classification using multilingual sustained vowel recordings, Daria Hemmerling, Marek Wodzi\u0144ski, Juan Rafael Orozco-Arroyave, David Sztaho, Mateusz Danio\u0142, Pawe\u0142 Jemio\u0142o, Magdalena W\u00f3jcik-P\u0119dziwiatr, EMBC 2023 45th Annual International Conference of the IEEE Engineering in Medicine &amp; Biology Conference : Sydney, Australia, 24-27 July 2023 [<a href=\"https:\/\/ieeexplore-1ieee-1org-10000476w0057.wbg2.bg.agh.edu.pl\/stamp\/stamp.jsp?tp=&amp;arnumber=10340478\">https:\/\/ieeexplore-1ieee-1org-10000476w0057.wbg2.bg.agh.edu.pl\/stamp\/stamp.jsp?tp=&amp;arnumber=10340478<\/a>]<\/li>\n\n\n\n<li>Monitoring of Parkinson\u2019s disease progression based on speech signal, Daria Hemmerling, Magdalena W\u00f3jcik-P\u0119dziwiatr, Pawe\u0142 Jaci\u00f3w, Bartosz Zi\u00f3\u0142ko, Magdalena Igras- Cybulska, ICICT 2023, 6th International Conference on Information and Computer Technologies : Raleigh, USA, 24\u201326 March 2023 [<a href=\"http:\/\/link\">https:\/\/i<\/a><a href=\"http:\/\/link\" target=\"_blank\" rel=\"noreferrer noopener\">eeexplore-1ieee-1org-10000470500e8.wbg2.bg.agh.edu.pl\/stamp\/stamp.jsp?tp=&amp;arnumber=10229701<\/a>]<\/li>\n<\/ul>\n\n\n\n<p><\/p>\n\n\n\n<p><\/p>\n\n\n\n<ul class=\"wp-block-list\">\n<li>Trendy z Sieci: Fale akustyczne, dr in\u017c. Daria Hemmerling &#8211; Radio Krakow, 2022.03.30 [<a href=\"https:\/\/podcasty.radiokrakow.pl\/trendy-w-sieci?play=3389291%3Fplay%3D3389291\">link<\/a>]<\/li>\n\n\n\n<li>Sztuczna inteligencja na podstawie g\u0142osu pomo\u017ce zdiagnozowa\u0107 chorob\u0119 Parkinsona &#8211; dr in\u017c. Daria Hemmerling &#8211; Radio Krakow, 2023.01.21 [<a href=\"https:\/\/www.radiokrakow.pl\/audycje\/sztuczna-inteligencja-na-podstawie-glosu-pomoze-zdiagnozowac-chorobe-parkinsona\" target=\"_blank\" rel=\"noreferrer noopener\">link<\/a>]<\/li>\n\n\n\n<li>Liderki na start, Innowacyjno\u015b\u0107 jest Kobiet\u0105, NCBR, dr in\u017c. Daria Hemmerling 2023.02.11 [<a href=\"https:\/\/www.youtube.com\/watch?v=s2BbhsPbpLg\">link<\/a>]<\/li>\n\n\n\n<li>Jak AI si\u0119 uczy? dr in\u017c. Daria Hemmerling &#8211; Radio357 2023.03.18 [<a href=\"https:\/\/radio357.pl\/twoje357\/audycje\/rzecz-technologiczna\/\">link<\/a>] Czy rok 2023 b\u0119dzie nam si\u0119 kojarzy\u0142 z rewolucj\u0105 AI? Sztuczna inteligencja pomaga nam pracowa\u0107 szybciej i wydajniej, ale te\u017c coraz cz\u0119\u015bciej nas zast\u0119puje, a nawet potrafi pisa\u0107 alternatywne zako\u0144czenia ksi\u0105\u017cek, czy dodatkowe teksty piosenek do kultowych album\u00f3w muzycznych. Dzi\u015b do audycji zaprosimy osob\u0119, kt\u00f3ra AI zajmuje si\u0119 od wielu lat. Z dr Dari\u0105 Hemmerling porozmawiamy o ty jak to si\u0119 dzieje, \u017ce sztuczna inteligencja rozpoznaje nasze zachowanie i uczucia. W programie nie zabraknie te\u017c najnowszych informacji ze \u015bwiata technologii i \u2026 prasowych skamienia\u0142o\u015bci sprzed wielu lat \ud83d\ude42 Zapraszaj\u0105 Robert Zembrzycki i Jaros\u0142aw Juszkiewicz.<\/li>\n\n\n\n<li>W jaki spos\u00f3b AI wie jak si\u0119 czujemy i zachowujemy? Konferencja &#8222;Nauka jest kobiet\u0105&#8221;, dr in\u017c. Daria Hemmerling, 2023. 03.11 [<a href=\"https:\/\/www.planetarium.edu.pl\/aktualnosci-szczegoly.html?id=2126\">link<\/a>] <\/li>\n\n\n\n<li>Konferencja \u201eNauka jest Kobiet\u0105\u201d w Planetarium \u015al\u0105skim!, Jak sztuczna inteligencja rozpoznaje jak si\u0119 zachowujemy i czujemy? dr in\u017c. Daria Hemmerling, 2023.10.03  [<a href=\"https:\/\/www.planetarium.edu.pl\/aktualnosci-szczegoly.html?id=2126&amp;p=1\" target=\"_blank\" rel=\"noreferrer noopener\">link<\/a>]<\/li>\n\n\n\n<li>Horyzonty Przysz\u0142o\u015bci, Innowacja si\u0119 op\u0142aca &#8211; wsp\u00f3\u0142praca nauka biznes, dr in\u017c. Daria Hemmerling, in\u017c. Mi\u0142osz Dudek, 2023.11.13-14, [<a href=\"https:\/\/www.iph.krakow.pl\/component\/icagenda\/177-konferencja-horyzonty-przyszlosci.html\" target=\"_blank\" rel=\"noreferrer noopener\">link<\/a>]<\/li>\n<\/ul>\n\n\n\n<p><\/p>\n\n\n\n<p><\/p>\n","protected":false},"excerpt":{"rendered":"<p>Publikacje<\/p>\n","protected":false},"author":1,"featured_media":0,"parent":0,"menu_order":0,"comment_status":"closed","ping_status":"closed","template":"","meta":{"footnotes":""},"class_list":["post-140","page","type-page","status-publish"],"yoast_head":"<!-- This site is optimized with the Yoast SEO plugin v21.9.1 - https:\/\/yoast.com\/wordpress\/plugins\/seo\/ -->\n<title>Media and Publications -<\/title>\n<meta name=\"robots\" content=\"index, follow, max-snippet:-1, max-image-preview:large, max-video-preview:-1\" \/>\n<link rel=\"canonical\" href=\"https:\/\/diagneuro.pl\/?page_id=140\" \/>\n<meta property=\"og:locale\" content=\"pl_PL\" \/>\n<meta property=\"og:type\" content=\"article\" \/>\n<meta property=\"og:title\" content=\"Media and Publications -\" \/>\n<meta property=\"og:description\" content=\"Publikacje\" \/>\n<meta property=\"og:url\" content=\"https:\/\/diagneuro.pl\/?page_id=140\" \/>\n<meta property=\"article:modified_time\" content=\"2024-02-06T08:12:03+00:00\" \/>\n<meta property=\"og:image\" content=\"https:\/\/diagneuro.pl\/wp-content\/uploads\/2023\/03\/audience-ga187f96e0_1920-1.jpg\" \/>\n<meta name=\"twitter:card\" content=\"summary_large_image\" \/>\n<meta name=\"twitter:label1\" content=\"Szacowany czas czytania\" \/>\n\t<meta name=\"twitter:data1\" content=\"3 minuty\" \/>\n<script type=\"application\/ld+json\" class=\"yoast-schema-graph\">{\"@context\":\"https:\/\/schema.org\",\"@graph\":[{\"@type\":\"WebPage\",\"@id\":\"https:\/\/diagneuro.pl\/?page_id=140\",\"url\":\"https:\/\/diagneuro.pl\/?page_id=140\",\"name\":\"Media and Publications -\",\"isPartOf\":{\"@id\":\"https:\/\/diagneuro.pl\/#website\"},\"datePublished\":\"2023-03-06T17:23:02+00:00\",\"dateModified\":\"2024-02-06T08:12:03+00:00\",\"breadcrumb\":{\"@id\":\"https:\/\/diagneuro.pl\/?page_id=140#breadcrumb\"},\"inLanguage\":\"pl-PL\",\"potentialAction\":[{\"@type\":\"ReadAction\",\"target\":[\"https:\/\/diagneuro.pl\/?page_id=140\"]}]},{\"@type\":\"BreadcrumbList\",\"@id\":\"https:\/\/diagneuro.pl\/?page_id=140#breadcrumb\",\"itemListElement\":[{\"@type\":\"ListItem\",\"position\":1,\"name\":\"Home\",\"item\":\"https:\/\/diagneuro.pl\/\"},{\"@type\":\"ListItem\",\"position\":2,\"name\":\"Media and Publications\"}]},{\"@type\":\"WebSite\",\"@id\":\"https:\/\/diagneuro.pl\/#website\",\"url\":\"https:\/\/diagneuro.pl\/\",\"name\":\"\",\"description\":\"\",\"potentialAction\":[{\"@type\":\"SearchAction\",\"target\":{\"@type\":\"EntryPoint\",\"urlTemplate\":\"https:\/\/diagneuro.pl\/?s={search_term_string}\"},\"query-input\":\"required name=search_term_string\"}],\"inLanguage\":\"pl-PL\"}]}<\/script>\n<!-- \/ Yoast SEO plugin. -->","yoast_head_json":{"title":"Media and Publications -","robots":{"index":"index","follow":"follow","max-snippet":"max-snippet:-1","max-image-preview":"max-image-preview:large","max-video-preview":"max-video-preview:-1"},"canonical":"https:\/\/diagneuro.pl\/?page_id=140","og_locale":"pl_PL","og_type":"article","og_title":"Media and Publications -","og_description":"Publikacje","og_url":"https:\/\/diagneuro.pl\/?page_id=140","article_modified_time":"2024-02-06T08:12:03+00:00","og_image":[{"url":"https:\/\/diagneuro.pl\/wp-content\/uploads\/2023\/03\/audience-ga187f96e0_1920-1.jpg"}],"twitter_card":"summary_large_image","twitter_misc":{"Szacowany czas czytania":"3 minuty"},"schema":{"@context":"https:\/\/schema.org","@graph":[{"@type":"WebPage","@id":"https:\/\/diagneuro.pl\/?page_id=140","url":"https:\/\/diagneuro.pl\/?page_id=140","name":"Media and Publications -","isPartOf":{"@id":"https:\/\/diagneuro.pl\/#website"},"datePublished":"2023-03-06T17:23:02+00:00","dateModified":"2024-02-06T08:12:03+00:00","breadcrumb":{"@id":"https:\/\/diagneuro.pl\/?page_id=140#breadcrumb"},"inLanguage":"pl-PL","potentialAction":[{"@type":"ReadAction","target":["https:\/\/diagneuro.pl\/?page_id=140"]}]},{"@type":"BreadcrumbList","@id":"https:\/\/diagneuro.pl\/?page_id=140#breadcrumb","itemListElement":[{"@type":"ListItem","position":1,"name":"Home","item":"https:\/\/diagneuro.pl\/"},{"@type":"ListItem","position":2,"name":"Media and Publications"}]},{"@type":"WebSite","@id":"https:\/\/diagneuro.pl\/#website","url":"https:\/\/diagneuro.pl\/","name":"","description":"","potentialAction":[{"@type":"SearchAction","target":{"@type":"EntryPoint","urlTemplate":"https:\/\/diagneuro.pl\/?s={search_term_string}"},"query-input":"required name=search_term_string"}],"inLanguage":"pl-PL"}]}},"_links":{"self":[{"href":"https:\/\/diagneuro.pl\/index.php?rest_route=\/wp\/v2\/pages\/140","targetHints":{"allow":["GET"]}}],"collection":[{"href":"https:\/\/diagneuro.pl\/index.php?rest_route=\/wp\/v2\/pages"}],"about":[{"href":"https:\/\/diagneuro.pl\/index.php?rest_route=\/wp\/v2\/types\/page"}],"author":[{"embeddable":true,"href":"https:\/\/diagneuro.pl\/index.php?rest_route=\/wp\/v2\/users\/1"}],"replies":[{"embeddable":true,"href":"https:\/\/diagneuro.pl\/index.php?rest_route=%2Fwp%2Fv2%2Fcomments&post=140"}],"version-history":[{"count":11,"href":"https:\/\/diagneuro.pl\/index.php?rest_route=\/wp\/v2\/pages\/140\/revisions"}],"predecessor-version":[{"id":182,"href":"https:\/\/diagneuro.pl\/index.php?rest_route=\/wp\/v2\/pages\/140\/revisions\/182"}],"wp:attachment":[{"href":"https:\/\/diagneuro.pl\/index.php?rest_route=%2Fwp%2Fv2%2Fmedia&parent=140"}],"curies":[{"name":"wp","href":"https:\/\/api.w.org\/{rel}","templated":true}]}}